{"id":10485,"date":"2026-03-03T17:19:42","date_gmt":"2026-03-03T17:19:42","guid":{"rendered":"https:\/\/www.ekodeteljica.si\/eko-borza-copy\/"},"modified":"2026-03-03T17:21:20","modified_gmt":"2026-03-03T17:21:20","slug":"ugodnosti-clanstva","status":"publish","type":"page","link":"https:\/\/www.ekodeteljica.si\/de\/ugodnosti-clanstva\/","title":{"rendered":"Ugodnosti \u010dlanstva"},"content":{"rendered":"<div data-elementor-type=\"wp-page\" data-elementor-id=\"10485\" class=\"elementor elementor-10485\">\n\t\t\t\t\t\t\t<div class=\"elementor-element elementor-element-1fb18d0 e-con-boxed e-con\" data-id=\"1fb18d0\" data-element_type=\"container\" data-settings=\"{&quot;jet_parallax_layout_list&quot;:[],&quot;content_width&quot;:&quot;boxed&quot;}\">\n\t\t\t\t\t<div class=\"e-con-inner\">\n\t\t<div class=\"elementor-element elementor-element-31bbb29 e-con-full e-con\" data-id=\"31bbb29\" data-element_type=\"container\" data-settings=\"{&quot;content_width&quot;:&quot;full&quot;,&quot;jet_parallax_layout_list&quot;:[]}\">\n\t\t<div class=\"elementor-element elementor-element-2560bf7 e-con-full e-con\" data-id=\"2560bf7\" data-element_type=\"container\" data-settings=\"{&quot;jet_parallax_layout_list&quot;:[],&quot;content_width&quot;:&quot;full&quot;}\">\n\t\t<div class=\"elementor-element elementor-element-7ebb334 e-con-full e-con\" data-id=\"7ebb334\" data-element_type=\"container\" data-settings=\"{&quot;background_background&quot;:&quot;classic&quot;,&quot;content_width&quot;:&quot;full&quot;,&quot;jet_parallax_layout_list&quot;:[]}\">\n\t\t\t\t<div class=\"elementor-element elementor-element-d51da26 elementor-widget elementor-widget-heading\" data-id=\"d51da26\" data-element_type=\"widget\" data-widget_type=\"heading.default\">\n\t\t\t\t<div class=\"elementor-widget-container\">\n\t\t\t<style>\/*! elementor - v3.12.1 - 02-04-2023 *\/\n.elementor-heading-title{padding:0;margin:0;line-height:1}.elementor-widget-heading .elementor-heading-title[class*=elementor-size-]>a{color:inherit;font-size:inherit;line-height:inherit}.elementor-widget-heading .elementor-heading-title.elementor-size-small{font-size:15px}.elementor-widget-heading .elementor-heading-title.elementor-size-medium{font-size:19px}.elementor-widget-heading .elementor-heading-title.elementor-size-large{font-size:29px}.elementor-widget-heading .elementor-heading-title.elementor-size-xl{font-size:39px}.elementor-widget-heading .elementor-heading-title.elementor-size-xxl{font-size:59px}<\/style><h2 class=\"elementor-heading-title elementor-size-default\">\u010clanstvo ponuja<\/h2>\t\t<\/div>\n\t\t\t\t<\/div>\n\t\t\t\t<div class=\"elementor-element elementor-element-8d3b2d2 elementor-widget elementor-widget-text-editor\" data-id=\"8d3b2d2\" data-element_type=\"widget\" data-widget_type=\"text-editor.default\">\n\t\t\t\t<div class=\"elementor-widget-container\">\n\t\t\t<style>\/*! elementor - v3.12.1 - 02-04-2023 *\/\n.elementor-widget-text-editor.elementor-drop-cap-view-stacked .elementor-drop-cap{background-color:#69727d;color:#fff}.elementor-widget-text-editor.elementor-drop-cap-view-framed .elementor-drop-cap{color:#69727d;border:3px solid;background-color:transparent}.elementor-widget-text-editor:not(.elementor-drop-cap-view-default) .elementor-drop-cap{margin-top:8px}.elementor-widget-text-editor:not(.elementor-drop-cap-view-default) .elementor-drop-cap-letter{width:1em;height:1em}.elementor-widget-text-editor .elementor-drop-cap{float:left;text-align:center;line-height:1;font-size:50px}.elementor-widget-text-editor .elementor-drop-cap-letter{display:inline-block}<\/style>\t\t\t\t<p>1. Izobra\u017eevanje kmetov, ki se \u017eelijo vklju\u010diti v ekolo\u0161ko pridelavo2. Poglobljena izobra\u017eevanja \u017ee vklju\u010denih ekolo\u0161kih kmetov (interesne skupine)<br \/>3. Izdelava propagandnega materiala in osve\u0161\u010danje \u0161ir\u0161e javnosti o ekolo\u0161ki pridelavi<br \/>4. Pomo\u010d pri tr\u017eenju, tr\u017enih vi\u0161kov kmetij vklju\u010denih v zdru\u017eenje<br \/>5. Skupen nastop z Zvezo dru\u0161tev ekolo\u0161kih kmetov Slovenije na razli\u010dnih krajih Slovenije in tujine<br \/>6. Sodelovanje na javnih prireditvah: sejmi, razstave, prazniki&#8230;<br \/>7. Strokovna pomo\u010d kmetom, pri prilagajanju kmetij zahtevam smernic za ekolo\u0161ko kmetovanje<\/p>\t\t\t\t\t\t<\/div>\n\t\t\t\t<\/div>\n\t\t\t\t<div class=\"elementor-element elementor-element-dea7957 elementor-widget__width-inherit elementor-widget elementor-widget-jet-button\" data-id=\"dea7957\" data-element_type=\"widget\" data-widget_type=\"jet-button.default\">\n\t\t\t\t<div class=\"elementor-widget-container\">\n\t\t\t<div class=\"elementor-jet-button jet-elements\"><div class=\"jet-button__container\">\n\t<a class=\"jet-button__instance jet-button__instance--icon-right hover-effect-1\" href=\"https:\/\/www.ekodeteljica.si\/de\/kontakt\/\">\n\t\t<div class=\"jet-button__plane jet-button__plane-normal\"><\/div>\n\t\t<div class=\"jet-button__plane jet-button__plane-hover\"><\/div>\n\t\t<div class=\"jet-button__state jet-button__state-normal\">\n\t\t\t<span class=\"jet-button__icon jet-elements-icon\"><svg aria-hidden=\"true\" class=\"e-font-icon-svg e-fas-long-arrow-alt-right\" viewbox=\"0 0 448 512\" xmlns=\"http:\/\/www.w3.org\/2000\/svg\"><path d=\"M313.941 216H12c-6.627 0-12 5.373-12 12v56c0 6.627 5.373 12 12 12h301.941v46.059c0 21.382 25.851 32.09 40.971 16.971l86.059-86.059c9.373-9.373 9.373-24.569 0-33.941l-86.059-86.059c-15.119-15.119-40.971-4.411-40.971 16.971V216z\"><\/path><\/svg><\/span><span class=\"jet-button__label\">V\u010dlani se<\/span>\t\t<\/div>\n\t\t<div class=\"jet-button__state jet-button__state-hover\">\n\t\t\t<span class=\"jet-button__icon jet-elements-icon\"><svg aria-hidden=\"true\" class=\"e-font-icon-svg e-fas-long-arrow-alt-right\" viewbox=\"0 0 448 512\" xmlns=\"http:\/\/www.w3.org\/2000\/svg\"><path d=\"M313.941 216H12c-6.627 0-12 5.373-12 12v56c0 6.627 5.373 12 12 12h301.941v46.059c0 21.382 25.851 32.09 40.971 16.971l86.059-86.059c9.373-9.373 9.373-24.569 0-33.941l-86.059-86.059c-15.119-15.119-40.971-4.411-40.971 16.971V216z\"><\/path><\/svg><\/span><span class=\"jet-button__label\">V\u010dlani se<\/span>\t\t<\/div>\n\t<\/a>\n<\/div>\n<\/div>\t\t<\/div>\n\t\t\t\t<\/div>\n\t\t\t\t<\/div>\n\t\t\t\t<\/div>\n\t\t\t\t<\/div>\n\t\t\t\t\t<\/div>\n\t\t\t\t<\/div>\n\t\t\t\t\t\t\t<\/div>","protected":false},"excerpt":{"rendered":"<p>\u010clanstvo ponuja 1. Izobra\u017eevanje kmetov, ki se \u017eelijo vklju\u010diti v ekolo\u0161ko pridelavo2. Poglobljena izobra\u017eevanja \u017ee vklju\u010denih ekolo\u0161kih kmetov (interesne skupine)3. Izdelava propagandnega materiala in osve\u0161\u010danje \u0161ir\u0161e javnosti o ekolo\u0161ki pridelavi4. Pomo\u010d pri tr\u017eenju, tr\u017enih vi\u0161kov kmetij vklju\u010denih v zdru\u017eenje5. Skupen nastop z Zvezo dru\u0161tev ekolo\u0161kih kmetov Slovenije na razli\u010dnih krajih Slovenije in tujine6. Sodelovanje na javnih prireditvah: sejmi, razstave, prazniki&#8230;7. Strokovna pomo\u010d kmetom, pri prilagajanju kmetij zahtevam smernic za ekolo\u0161ko kmetovanje V\u010dlani se V\u010dlani se<\/p>","protected":false},"author":1,"featured_media":0,"parent":0,"menu_order":0,"comment_status":"closed","ping_status":"closed","template":"","meta":{"_seopress_robots_primary_cat":"","footnotes":""},"class_list":["post-10485","page","type-page","status-publish","hentry"],"blocksy_meta":"","_links":{"self":[{"href":"https:\/\/www.ekodeteljica.si\/de\/wp-json\/wp\/v2\/pages\/10485","targetHints":{"allow":["GET"]}}],"collection":[{"href":"https:\/\/www.ekodeteljica.si\/de\/wp-json\/wp\/v2\/pages"}],"about":[{"href":"https:\/\/www.ekodeteljica.si\/de\/wp-json\/wp\/v2\/types\/page"}],"author":[{"embeddable":true,"href":"https:\/\/www.ekodeteljica.si\/de\/wp-json\/wp\/v2\/users\/1"}],"replies":[{"embeddable":true,"href":"https:\/\/www.ekodeteljica.si\/de\/wp-json\/wp\/v2\/comments?post=10485"}],"version-history":[{"count":0,"href":"https:\/\/www.ekodeteljica.si\/de\/wp-json\/wp\/v2\/pages\/10485\/revisions"}],"wp:attachment":[{"href":"https:\/\/www.ekodeteljica.si\/de\/wp-json\/wp\/v2\/media?parent=10485"}],"curies":[{"name":"wp","href":"https:\/\/api.w.org\/{rel}","templated":true}]}}