{"id":10313,"date":"2025-07-24T11:55:17","date_gmt":"2025-07-24T11:55:17","guid":{"rendered":"https:\/\/www.ivh10.si\/Ponudbe\/deteljica\/ekolosko-kmetovanje-in-bio-hrana-copy\/"},"modified":"2025-07-24T12:04:08","modified_gmt":"2025-07-24T12:04:08","slug":"varstvo-osebnih-podatkov","status":"publish","type":"page","link":"https:\/\/www.ekodeteljica.si\/it\/varstvo-osebnih-podatkov\/","title":{"rendered":"Varstvo osebnih podatkov"},"content":{"rendered":"<div data-elementor-type=\"wp-page\" data-elementor-id=\"10313\" class=\"elementor elementor-10313\">\n\t\t\t\t\t\t\t<div class=\"elementor-element elementor-element-6f5614b e-con-full e-con\" data-id=\"6f5614b\" data-element_type=\"container\" data-settings=\"{&quot;content_width&quot;:&quot;full&quot;,&quot;jet_parallax_layout_list&quot;:[],&quot;background_background&quot;:&quot;classic&quot;}\">\n\t\t<div class=\"elementor-element elementor-element-f485b76 e-con-full e-con\" data-id=\"f485b76\" data-element_type=\"container\" data-settings=\"{&quot;jet_parallax_layout_list&quot;:[],&quot;content_width&quot;:&quot;full&quot;}\">\n\t\t<div class=\"elementor-element elementor-element-3c6d1fc e-con-full e-con\" data-id=\"3c6d1fc\" data-element_type=\"container\" data-settings=\"{&quot;content_width&quot;:&quot;full&quot;,&quot;jet_parallax_layout_list&quot;:[]}\">\n\t\t<div class=\"elementor-element elementor-element-aa049ec e-con-full e-con\" data-id=\"aa049ec\" data-element_type=\"container\" data-settings=\"{&quot;jet_parallax_layout_list&quot;:[],&quot;background_background&quot;:&quot;classic&quot;,&quot;content_width&quot;:&quot;full&quot;}\">\n\t\t<div class=\"elementor-element elementor-element-d8d0203 e-con-full e-con\" data-id=\"d8d0203\" data-element_type=\"container\" data-settings=\"{&quot;content_width&quot;:&quot;full&quot;,&quot;jet_parallax_layout_list&quot;:[]}\">\n\t\t<div class=\"elementor-element elementor-element-55b0115 e-con-full e-con\" data-id=\"55b0115\" data-element_type=\"container\" data-settings=\"{&quot;content_width&quot;:&quot;full&quot;,&quot;jet_parallax_layout_list&quot;:[]}\">\n\t\t\t\t<div class=\"elementor-element elementor-element-20a81b5 elementor-widget elementor-widget-heading\" data-id=\"20a81b5\" data-element_type=\"widget\" data-widget_type=\"heading.default\">\n\t\t\t\t<div class=\"elementor-widget-container\">\n\t\t\t<style>\/*! elementor - v3.12.1 - 02-04-2023 *\/\n.elementor-heading-title{padding:0;margin:0;line-height:1}.elementor-widget-heading .elementor-heading-title[class*=elementor-size-]>a{color:inherit;font-size:inherit;line-height:inherit}.elementor-widget-heading .elementor-heading-title.elementor-size-small{font-size:15px}.elementor-widget-heading .elementor-heading-title.elementor-size-medium{font-size:19px}.elementor-widget-heading .elementor-heading-title.elementor-size-large{font-size:29px}.elementor-widget-heading .elementor-heading-title.elementor-size-xl{font-size:39px}.elementor-widget-heading .elementor-heading-title.elementor-size-xxl{font-size:59px}<\/style><h2 class=\"elementor-heading-title elementor-size-default\">Varstvo osebnih podatkov<\/h2>\t\t<\/div>\n\t\t\t\t<\/div>\n\t\t\t\t<div class=\"elementor-element elementor-element-24e004a elementor-widget-divider--view-line elementor-widget elementor-widget-divider\" data-id=\"24e004a\" data-element_type=\"widget\" data-widget_type=\"divider.default\">\n\t\t\t\t<div class=\"elementor-widget-container\">\n\t\t\t<style>\/*! elementor - v3.12.1 - 02-04-2023 *\/\n.elementor-widget-divider{--divider-border-style:none;--divider-border-width:1px;--divider-color:#0c0d0e;--divider-icon-size:20px;--divider-element-spacing:10px;--divider-pattern-height:24px;--divider-pattern-size:20px;--divider-pattern-url:none;--divider-pattern-repeat:repeat-x}.elementor-widget-divider .elementor-divider{display:flex}.elementor-widget-divider .elementor-divider__text{font-size:15px;line-height:1;max-width:95%}.elementor-widget-divider .elementor-divider__element{margin:0 var(--divider-element-spacing);flex-shrink:0}.elementor-widget-divider .elementor-icon{font-size:var(--divider-icon-size)}.elementor-widget-divider .elementor-divider-separator{display:flex;margin:0;direction:ltr}.elementor-widget-divider--view-line_icon .elementor-divider-separator,.elementor-widget-divider--view-line_text .elementor-divider-separator{align-items:center}.elementor-widget-divider--view-line_icon .elementor-divider-separator:after,.elementor-widget-divider--view-line_icon .elementor-divider-separator:before,.elementor-widget-divider--view-line_text .elementor-divider-separator:after,.elementor-widget-divider--view-line_text .elementor-divider-separator:before{display:block;content:\"\";border-bottom:0;flex-grow:1;border-top:var(--divider-border-width) var(--divider-border-style) var(--divider-color)}.elementor-widget-divider--element-align-left .elementor-divider .elementor-divider-separator>.elementor-divider__svg:first-of-type{flex-grow:0;flex-shrink:100}.elementor-widget-divider--element-align-left .elementor-divider-separator:before{content:none}.elementor-widget-divider--element-align-left .elementor-divider__element{margin-left:0}.elementor-widget-divider--element-align-right .elementor-divider .elementor-divider-separator>.elementor-divider__svg:last-of-type{flex-grow:0;flex-shrink:100}.elementor-widget-divider--element-align-right .elementor-divider-separator:after{content:none}.elementor-widget-divider--element-align-right .elementor-divider__element{margin-right:0}.elementor-widget-divider:not(.elementor-widget-divider--view-line_text):not(.elementor-widget-divider--view-line_icon) .elementor-divider-separator{border-top:var(--divider-border-width) var(--divider-border-style) var(--divider-color)}.elementor-widget-divider--separator-type-pattern{--divider-border-style:none}.elementor-widget-divider--separator-type-pattern.elementor-widget-divider--view-line .elementor-divider-separator,.elementor-widget-divider--separator-type-pattern:not(.elementor-widget-divider--view-line) .elementor-divider-separator:after,.elementor-widget-divider--separator-type-pattern:not(.elementor-widget-divider--view-line) .elementor-divider-separator:before,.elementor-widget-divider--separator-type-pattern:not([class*=elementor-widget-divider--view]) .elementor-divider-separator{width:100%;min-height:var(--divider-pattern-height);-webkit-mask-size:var(--divider-pattern-size) 100%;mask-size:var(--divider-pattern-size) 100%;-webkit-mask-repeat:var(--divider-pattern-repeat);mask-repeat:var(--divider-pattern-repeat);background-color:var(--divider-color);-webkit-mask-image:var(--divider-pattern-url);mask-image:var(--divider-pattern-url)}.elementor-widget-divider--no-spacing{--divider-pattern-size:auto}.elementor-widget-divider--bg-round{--divider-pattern-repeat:round}.rtl .elementor-widget-divider .elementor-divider__text{direction:rtl}.e-con-inner>.elementor-widget-divider,.e-con>.elementor-widget-divider{width:var(--container-widget-width,100%);--flex-grow:var(--container-widget-flex-grow)}<\/style>\t\t<div class=\"elementor-divider\">\n\t\t\t<span class=\"elementor-divider-separator\">\n\t\t\t\t\t\t<\/span>\n\t\t<\/div>\n\t\t\t\t<\/div>\n\t\t\t\t<\/div>\n\t\t\t\t<div class=\"elementor-element elementor-element-31c5543 elementor-widget elementor-widget-text-editor\" data-id=\"31c5543\" data-element_type=\"widget\" data-widget_type=\"text-editor.default\">\n\t\t\t\t<div class=\"elementor-widget-container\">\n\t\t\t<style>\/*! elementor - v3.12.1 - 02-04-2023 *\/\n.elementor-widget-text-editor.elementor-drop-cap-view-stacked .elementor-drop-cap{background-color:#69727d;color:#fff}.elementor-widget-text-editor.elementor-drop-cap-view-framed .elementor-drop-cap{color:#69727d;border:3px solid;background-color:transparent}.elementor-widget-text-editor:not(.elementor-drop-cap-view-default) .elementor-drop-cap{margin-top:8px}.elementor-widget-text-editor:not(.elementor-drop-cap-view-default) .elementor-drop-cap-letter{width:1em;height:1em}.elementor-widget-text-editor .elementor-drop-cap{float:left;text-align:center;line-height:1;font-size:50px}.elementor-widget-text-editor .elementor-drop-cap-letter{display:inline-block}<\/style>\t\t\t\t<p>Podjetje Zdru\u017eenje ekolo\u0161kih pridelovalcev in predelovalcev &#8211; Deteljica se zavezuje, da podatkov, ki jih boste posredovali preko spletnih strani www.ekodeteljica.si ali na kakr\u0161enkoli drug na\u010din, ne bo prodajalo, posojalo ali kakorkoli druga\u010de posredovalo tretjim osebam.<\/p><p>Vsi podatki bodo obravnavani zaupno in bodo uporabljeni zgolj za interno evidenco in v namen, zaradi katerega so bili posredovani. Va\u0161i podatki bodo skrbno varovani pred izgubo, zlorabo, nepoobla\u0161\u010denim dostopom, razkrivanjem, spreminjanjem ali uni\u010denjem.<\/p><p>Ob obisku strani se nekateri podatki (IP naslov, datum, \u010das, naslov strani, s katere prihajate) shranijo na stre\u017enik. Ti podatki so anonimni in se uporabljajo zgolj za statisti\u010dne obdelave.<\/p><p>Spletne strani uporabljajo &#8220;pi\u0161kotke&#8221;. To so majhne datoteke, ki se ob obisku strani shranijo na va\u0161 disk. Pi\u0161kotki vam lahko olaj\u0161ajo nadaljnje obiske strani. Z nastavitvami v va\u0161em brskalniku se lahko odlo\u010dite ali boste &#8220;pi\u0161kotke&#8221; sprejeli ali zavrnili.<\/p><p>\u010ce \u00bbpi\u0161kotkov\u00ab ne sprejmete, nekatere spletne strani morda ne bodo prikazane pravilno ali pa vam ne bo omogo\u010den dostop do vseh informacij ali funkcionalnosti spletnih strani.<\/p>\t\t\t\t\t\t<\/div>\n\t\t\t\t<\/div>\n\t\t\t\t<\/div>\n\t\t\t\t<\/div>\n\t\t\t\t<\/div>\n\t\t\t\t<\/div>\n\t\t\t\t<\/div>\n\t\t\t\t<\/div>\n\t\t<div class=\"elementor-element elementor-element-154fccf e-con-full e-con\" data-id=\"154fccf\" data-element_type=\"container\" data-settings=\"{&quot;content_width&quot;:&quot;full&quot;,&quot;jet_parallax_layout_list&quot;:[],&quot;background_background&quot;:&quot;classic&quot;}\">\n\t\t<div class=\"elementor-element elementor-element-02643d3 e-con-full e-con\" data-id=\"02643d3\" data-element_type=\"container\" data-settings=\"{&quot;jet_parallax_layout_list&quot;:[],&quot;content_width&quot;:&quot;full&quot;}\">\n\t\t<div class=\"elementor-element elementor-element-a943457 e-con-full e-con\" data-id=\"a943457\" data-element_type=\"container\" data-settings=\"{&quot;content_width&quot;:&quot;full&quot;,&quot;jet_parallax_layout_list&quot;:[]}\">\n\t\t<div class=\"elementor-element elementor-element-3cbce12 e-con-full e-con\" data-id=\"3cbce12\" data-element_type=\"container\" data-settings=\"{&quot;jet_parallax_layout_list&quot;:[],&quot;background_background&quot;:&quot;classic&quot;,&quot;content_width&quot;:&quot;full&quot;}\">\n\t\t<div class=\"elementor-element elementor-element-498629b e-con-full e-con\" data-id=\"498629b\" data-element_type=\"container\" data-settings=\"{&quot;content_width&quot;:&quot;full&quot;,&quot;jet_parallax_layout_list&quot;:[]}\">\n\t\t<div class=\"elementor-element elementor-element-1bc4fad e-con-full e-con\" data-id=\"1bc4fad\" data-element_type=\"container\" data-settings=\"{&quot;content_width&quot;:&quot;full&quot;,&quot;jet_parallax_layout_list&quot;:[]}\">\n\t\t\t\t<div class=\"elementor-element elementor-element-61da3a6 elementor-widget elementor-widget-heading\" data-id=\"61da3a6\" data-element_type=\"widget\" data-widget_type=\"heading.default\">\n\t\t\t\t<div class=\"elementor-widget-container\">\n\t\t\t<h2 class=\"elementor-heading-title elementor-size-default\">Izklju\u010ditev odgovornosti<\/h2>\t\t<\/div>\n\t\t\t\t<\/div>\n\t\t\t\t<div class=\"elementor-element elementor-element-c27f597 elementor-widget-divider--view-line elementor-widget elementor-widget-divider\" data-id=\"c27f597\" data-element_type=\"widget\" data-widget_type=\"divider.default\">\n\t\t\t\t<div class=\"elementor-widget-container\">\n\t\t\t\t\t<div class=\"elementor-divider\">\n\t\t\t<span class=\"elementor-divider-separator\">\n\t\t\t\t\t\t<\/span>\n\t\t<\/div>\n\t\t\t\t<\/div>\n\t\t\t\t<\/div>\n\t\t\t\t<div class=\"elementor-element elementor-element-8c85c05 elementor-widget elementor-widget-text-editor\" data-id=\"8c85c05\" data-element_type=\"widget\" data-widget_type=\"text-editor.default\">\n\t\t\t\t<div class=\"elementor-widget-container\">\n\t\t\t\t\t\t\t<p>Spletne strani www.ekodeteljica.si so postavljene in vzdr\u017eevane z najve\u010djo mo\u017eno mero skrbnosti. Kljub temu podjetje Zdru\u017eenje ekolo\u0161kih pridelovalcev in predelovalcev &#8211; Deteljica ne more jam\u010diti za a\u017eurnost, to\u010dnost ali pravilnost vseh informacij na straneh. Vse informacije na spletnih straneh se lahko spremenijo brez predhodnega obvestila.<\/p><p>Prav tako podjetje ne sprejema odgovornosti za kakr\u0161nokoli \u0161kodo, ki bi neposredno ali posredno nastala zaradi uporabe, nepravilnega delovanja in\/ali nedostopnosti teh spletnih strani.<\/p><p>V primeru sklicevanja ali povezovanja teh spletnih strani z drugimi, ki so v lasti ali upravljanju tretjih oseb, podjetje Zdru\u017eenje ekolo\u0161kih pridelovalcev in predelovalcev &#8211; Deteljica ne prevzema odgovornosti za vsebino ali pravilnost delovanja teh spletnih strani.<\/p>\t\t\t\t\t\t<\/div>\n\t\t\t\t<\/div>\n\t\t\t\t<\/div>\n\t\t\t\t<\/div>\n\t\t\t\t<\/div>\n\t\t\t\t<\/div>\n\t\t\t\t<\/div>\n\t\t\t\t<\/div>\n\t\t<div class=\"elementor-element elementor-element-bcb3e2c e-con-full e-con\" data-id=\"bcb3e2c\" data-element_type=\"container\" data-settings=\"{&quot;content_width&quot;:&quot;full&quot;,&quot;jet_parallax_layout_list&quot;:[],&quot;background_background&quot;:&quot;classic&quot;}\">\n\t\t<div class=\"elementor-element elementor-element-ea1f400 e-con-full e-con\" data-id=\"ea1f400\" data-element_type=\"container\" data-settings=\"{&quot;jet_parallax_layout_list&quot;:[],&quot;content_width&quot;:&quot;full&quot;}\">\n\t\t<div class=\"elementor-element elementor-element-867511a e-con-full e-con\" data-id=\"867511a\" data-element_type=\"container\" data-settings=\"{&quot;content_width&quot;:&quot;full&quot;,&quot;jet_parallax_layout_list&quot;:[]}\">\n\t\t<div class=\"elementor-element elementor-element-e1e26b1 e-con-full e-con\" data-id=\"e1e26b1\" data-element_type=\"container\" data-settings=\"{&quot;jet_parallax_layout_list&quot;:[],&quot;background_background&quot;:&quot;classic&quot;,&quot;content_width&quot;:&quot;full&quot;}\">\n\t\t<div class=\"elementor-element elementor-element-0b5642d e-con-full e-con\" data-id=\"0b5642d\" data-element_type=\"container\" data-settings=\"{&quot;content_width&quot;:&quot;full&quot;,&quot;jet_parallax_layout_list&quot;:[]}\">\n\t\t<div class=\"elementor-element elementor-element-5953b56 e-con-full e-con\" data-id=\"5953b56\" data-element_type=\"container\" data-settings=\"{&quot;content_width&quot;:&quot;full&quot;,&quot;jet_parallax_layout_list&quot;:[]}\">\n\t\t\t\t<div class=\"elementor-element elementor-element-396020d elementor-widget elementor-widget-heading\" data-id=\"396020d\" data-element_type=\"widget\" data-widget_type=\"heading.default\">\n\t\t\t\t<div class=\"elementor-widget-container\">\n\t\t\t<h2 class=\"elementor-heading-title elementor-size-default\">Avtorske pravice<\/h2>\t\t<\/div>\n\t\t\t\t<\/div>\n\t\t\t\t<div class=\"elementor-element elementor-element-af0b1f9 elementor-widget-divider--view-line elementor-widget elementor-widget-divider\" data-id=\"af0b1f9\" data-element_type=\"widget\" data-widget_type=\"divider.default\">\n\t\t\t\t<div class=\"elementor-widget-container\">\n\t\t\t\t\t<div class=\"elementor-divider\">\n\t\t\t<span class=\"elementor-divider-separator\">\n\t\t\t\t\t\t<\/span>\n\t\t<\/div>\n\t\t\t\t<\/div>\n\t\t\t\t<\/div>\n\t\t\t\t<div class=\"elementor-element elementor-element-bec0c65 elementor-widget elementor-widget-text-editor\" data-id=\"bec0c65\" data-element_type=\"widget\" data-widget_type=\"text-editor.default\">\n\t\t\t\t<div class=\"elementor-widget-container\">\n\t\t\t\t\t\t\t<p>\u00a9 Copyright 2025 Zdru\u017eenje ekolo\u0161kih pridelovalcev in predelovalcev &#8211; Deteljica<br \/>Vsa besedila, slike, grafike, animacije in drugi dokumenti, ki jih vsebujejo spletne strani www.ekodeteljica.si, so v zakonsko dovoljenem okviru predmet avtorske za\u0161\u010dite ali druge oblike za\u0161\u010dite intelektualne lastnine.<\/p><p>Vsebino spletnih strani ni dovoljeno kopirati, razpe\u010devati, spreminjati ali na kakr\u0161enkoli drug na\u010din reproducirati, razen v primeru pisnega soglasja podjetja Zdru\u017eenje ekolo\u0161kih pridelovalcev in predelovalcev &#8211; Deteljica, ki aktivno uveljavlja svoje pravice do intelektualne lastnine v najve\u010dji mo\u017eni meri, ki jo dovoljuje zakon.<\/p>\t\t\t\t\t\t<\/div>\n\t\t\t\t<\/div>\n\t\t\t\t<\/div>\n\t\t\t\t<\/div>\n\t\t\t\t<\/div>\n\t\t\t\t<\/div>\n\t\t\t\t<\/div>\n\t\t\t\t<\/div>\n\t\t\t\t\t\t\t<\/div>","protected":false},"excerpt":{"rendered":"<p>Varstvo osebnih podatkov Podjetje Zdru\u017eenje ekolo\u0161kih pridelovalcev in predelovalcev &#8211; Deteljica se zavezuje, da podatkov, ki jih boste posredovali preko spletnih strani www.ekodeteljica.si ali na kakr\u0161enkoli drug na\u010din, ne bo prodajalo, posojalo ali kakorkoli druga\u010de posredovalo tretjim osebam. Vsi podatki bodo obravnavani zaupno in bodo uporabljeni zgolj za interno evidenco in v namen, zaradi katerega so bili posredovani. Va\u0161i podatki bodo skrbno varovani pred izgubo, zlorabo, nepoobla\u0161\u010denim dostopom, razkrivanjem, spreminjanjem ali uni\u010denjem. Ob obisku strani se nekateri podatki (IP naslov, datum, \u010das, naslov strani, s katere prihajate) shranijo na stre\u017enik. Ti podatki so anonimni in se uporabljajo zgolj za statisti\u010dne\u2026<\/p>","protected":false},"author":1,"featured_media":0,"parent":0,"menu_order":0,"comment_status":"closed","ping_status":"closed","template":"elementor_header_footer","meta":{"_seopress_robots_primary_cat":"","footnotes":""},"class_list":["post-10313","page","type-page","status-publish","hentry"],"blocksy_meta":"","_links":{"self":[{"href":"https:\/\/www.ekodeteljica.si\/it\/wp-json\/wp\/v2\/pages\/10313","targetHints":{"allow":["GET"]}}],"collection":[{"href":"https:\/\/www.ekodeteljica.si\/it\/wp-json\/wp\/v2\/pages"}],"about":[{"href":"https:\/\/www.ekodeteljica.si\/it\/wp-json\/wp\/v2\/types\/page"}],"author":[{"embeddable":true,"href":"https:\/\/www.ekodeteljica.si\/it\/wp-json\/wp\/v2\/users\/1"}],"replies":[{"embeddable":true,"href":"https:\/\/www.ekodeteljica.si\/it\/wp-json\/wp\/v2\/comments?post=10313"}],"version-history":[{"count":0,"href":"https:\/\/www.ekodeteljica.si\/it\/wp-json\/wp\/v2\/pages\/10313\/revisions"}],"wp:attachment":[{"href":"https:\/\/www.ekodeteljica.si\/it\/wp-json\/wp\/v2\/media?parent=10313"}],"curies":[{"name":"wp","href":"https:\/\/api.w.org\/{rel}","templated":true}]}}